{"id":11,"date":"2020-11-06T12:41:21","date_gmt":"2020-11-06T12:41:21","guid":{"rendered":"http:\/\/localhost\/togo\/?page_id=9"},"modified":"2025-08-07T18:27:31","modified_gmt":"2025-08-07T16:27:31","slug":"home","status":"publish","type":"page","link":"https:\/\/tresfils.com\/en\/","title":{"rendered":"Home"},"content":{"rendered":"<div class=\"clear\"><\/div><div class=\"blank-section\"><div class=\"wpb_column vc_column_container vc_col-sm-12\"><div class=\"vc_column-inner\"><div class=\"wpb_wrapper\"><div class=\"sec-slider\"><header class=\"header pos-re slider-fade\"><div class=\"owl-carousel owl-theme\" data-slider-autoplay=\"true\" data-slider-speed=\"500\" data-slider-dots=\"true\" data-slider-timeout=\"6000\" data-slider-nav=\"true\"><div class=\"item bg-img\" data-overlay-dark=\"5\" data-background=\"https:\/\/tresfils.com\/wp-content\/uploads\/2020\/11\/1.jpg\"><div class=\"container text-center v-middle caption\"><h4 style=\"\">INSTALATIONS<\/h4><h1 style=\"\">ELECTRIC<\/h1><a class=\"btn\" href=\"https:\/\/tresfils.com\/portfolio\/instalaciones-electricas\/\"><span>M\u00c1S <i class=\"ti-arrow-right\"><\/i><\/span><\/a><\/div><\/div><div class=\"item bg-img\" data-overlay-dark=\"5\" data-background=\"https:\/\/tresfils.com\/wp-content\/uploads\/2020\/11\/2.jpg\"><div class=\"container text-center v-middle caption\"><h1 style=\"\">CLIMATE CONTROL<\/h1><a class=\"btn\" href=\"https:\/\/tresfils.com\/portfolio\/instalaciones-de-climatizacion\/\"><span>M\u00c1S <i class=\"ti-arrow-right\"><\/i><\/span><\/a><\/div><\/div><div class=\"item bg-img\" data-overlay-dark=\"5\" data-background=\"https:\/\/tresfils.com\/wp-content\/uploads\/2020\/11\/3.jpg\"><div class=\"container text-center v-middle caption\"><h1 style=\"\">TELECOMUNICATION SYSTEMS<\/h1><a class=\"btn\" href=\"https:\/\/tresfils.com\/portfolio\/instalaciones-de-telecomunicaciones\/\"><span>M\u00c1S <i class=\"ti-arrow-right\"><\/i><\/span><\/a><\/div><\/div><div class=\"item bg-img\" data-overlay-dark=\"5\" data-background=\"https:\/\/tresfils.com\/wp-content\/uploads\/2020\/11\/1.jpg\"><div class=\"container text-center v-middle caption\"><h1 style=\"\">HOME AUTOMATION AND KNX<\/h1><a class=\"btn\" href=\"https:\/\/tresfils.com\/portfolio\/instalaciones-de-domotica-y-knx\/\"><span>M\u00c1S <i class=\"ti-arrow-right\"><\/i><\/span><\/a><\/div><\/div><div class=\"item bg-img\" data-overlay-dark=\"5\" data-background=\"https:\/\/tresfils.com\/wp-content\/uploads\/2020\/11\/2.jpg\"><div class=\"container text-center v-middle caption\"><h1 style=\"\">RENEWABLE ENERGY<\/h1><a class=\"btn\" href=\"https:\/\/tresfils.com\/portfolio\/instalaciones-de-energias-renovables\/\"><span>M\u00c1S <i class=\"ti-arrow-right\"><\/i><\/span><\/a><\/div><\/div><\/div><\/header><\/div><\/div><\/div><\/div><\/div><div class=\"clear\"><\/div>","protected":false},"excerpt":{"rendered":"INSTALACIONESEL\u00c9CTRICASM\u00c1S CLIMATIZACI\u00d3NM\u00c1S TELECOMUNICACIONESM\u00c1S DOM\u00d3TICA Y KNXM\u00c1S ENERGIAS RENOVABLESM\u00c1S","protected":false},"author":1,"featured_media":0,"parent":0,"menu_order":0,"comment_status":"closed","ping_status":"closed","template":"","meta":{"footnotes":"","_links_to":"","_links_to_target":""},"class_list":["post-11","page","type-page","status-publish","hentry"],"yoast_head":"<!-- This site is optimized with the Yoast SEO plugin v27.3 - https:\/\/yoast.com\/product\/yoast-seo-wordpress\/ -->\r\n<title>Tresfils Electricitat I Telecomunicacions<\/title>\r\n<meta name=\"description\" content=\"En Tresfils, no solo instalamos. La confianza que nuestros clientes depositan en nosotros se basa en un compromiso firme con...\" \/>\r\n<meta name=\"robots\" content=\"index, follow, max-snippet:-1, max-image-preview:large, max-video-preview:-1\" \/>\r\n<link rel=\"canonical\" href=\"https:\/\/tresfils.com\/en\/\" \/>\r\n<meta property=\"og:locale\" content=\"en_GB\" \/>\r\n<meta property=\"og:type\" content=\"article\" \/>\r\n<meta property=\"og:title\" content=\"Tresfils Electricitat I Telecomunicacions\" \/>\r\n<meta property=\"og:description\" content=\"En Tresfils, no solo instalamos. La confianza que nuestros clientes depositan en nosotros se basa en un compromiso firme con...\" \/>\r\n<meta property=\"og:url\" content=\"https:\/\/tresfils.com\/en\/\" \/>\r\n<meta property=\"og:site_name\" content=\"Tresfils Electricitat I Telecomunicacions\" \/>\r\n<meta property=\"article:modified_time\" content=\"2025-08-07T16:27:31+00:00\" \/>\r\n<meta name=\"twitter:card\" content=\"summary_large_image\" \/>\r\n<meta name=\"twitter:label1\" content=\"Estimated reading time\" \/>\n\t<meta name=\"twitter:data1\" content=\"1 minute\" \/>\r\n<script type=\"application\/ld+json\" class=\"yoast-schema-graph\">{\"@context\":\"https:\\\/\\\/schema.org\",\"@graph\":[{\"@type\":\"WebPage\",\"@id\":\"https:\\\/\\\/tresfils.com\\\/\",\"url\":\"https:\\\/\\\/tresfils.com\\\/\",\"name\":\"Tresfils Electricitat I Telecomunicacions\",\"isPartOf\":{\"@id\":\"https:\\\/\\\/tresfils.com\\\/#website\"},\"datePublished\":\"2020-11-06T12:41:21+00:00\",\"dateModified\":\"2025-08-07T16:27:31+00:00\",\"description\":\"En Tresfils, no solo instalamos. La confianza que nuestros clientes depositan en nosotros se basa en un compromiso firme con...\",\"breadcrumb\":{\"@id\":\"https:\\\/\\\/tresfils.com\\\/#breadcrumb\"},\"inLanguage\":\"en-GB\",\"potentialAction\":[{\"@type\":\"ReadAction\",\"target\":[\"https:\\\/\\\/tresfils.com\\\/\"]}]},{\"@type\":\"BreadcrumbList\",\"@id\":\"https:\\\/\\\/tresfils.com\\\/#breadcrumb\",\"itemListElement\":[{\"@type\":\"ListItem\",\"position\":1,\"name\":\"Portada\",\"item\":\"https:\\\/\\\/tresfils.com\\\/\"},{\"@type\":\"ListItem\",\"position\":2,\"name\":\"Home\"}]},{\"@type\":\"WebSite\",\"@id\":\"https:\\\/\\\/tresfils.com\\\/#website\",\"url\":\"https:\\\/\\\/tresfils.com\\\/\",\"name\":\"Tresfils Electricitat I Telecomunicacions\",\"description\":\"\",\"publisher\":{\"@id\":\"https:\\\/\\\/tresfils.com\\\/#organization\"},\"potentialAction\":[{\"@type\":\"SearchAction\",\"target\":{\"@type\":\"EntryPoint\",\"urlTemplate\":\"https:\\\/\\\/tresfils.com\\\/?s={search_term_string}\"},\"query-input\":{\"@type\":\"PropertyValueSpecification\",\"valueRequired\":true,\"valueName\":\"search_term_string\"}}],\"inLanguage\":\"en-GB\"},{\"@type\":\"Organization\",\"@id\":\"https:\\\/\\\/tresfils.com\\\/#organization\",\"name\":\"Tresfils Electricitat I Telecomunicacions\",\"url\":\"https:\\\/\\\/tresfils.com\\\/\",\"logo\":{\"@type\":\"ImageObject\",\"inLanguage\":\"en-GB\",\"@id\":\"https:\\\/\\\/tresfils.com\\\/#\\\/schema\\\/logo\\\/image\\\/\",\"url\":\"https:\\\/\\\/tresfils.com\\\/wp-content\\\/uploads\\\/2024\\\/09\\\/logoTresFils.jpg\",\"contentUrl\":\"https:\\\/\\\/tresfils.com\\\/wp-content\\\/uploads\\\/2024\\\/09\\\/logoTresFils.jpg\",\"width\":298,\"height\":102,\"caption\":\"Tresfils Electricitat I Telecomunicacions\"},\"image\":{\"@id\":\"https:\\\/\\\/tresfils.com\\\/#\\\/schema\\\/logo\\\/image\\\/\"}}]}<\/script>\r\n<!-- \/ Yoast SEO plugin. -->","yoast_head_json":{"title":"Tresfils Electricitat I Telecomunicacions","description":"En Tresfils, no solo instalamos. La confianza que nuestros clientes depositan en nosotros se basa en un compromiso firme con...","robots":{"index":"index","follow":"follow","max-snippet":"max-snippet:-1","max-image-preview":"max-image-preview:large","max-video-preview":"max-video-preview:-1"},"canonical":"https:\/\/tresfils.com\/en\/","og_locale":"en_GB","og_type":"article","og_title":"Tresfils Electricitat I Telecomunicacions","og_description":"En Tresfils, no solo instalamos. La confianza que nuestros clientes depositan en nosotros se basa en un compromiso firme con...","og_url":"https:\/\/tresfils.com\/en\/","og_site_name":"Tresfils Electricitat I Telecomunicacions","article_modified_time":"2025-08-07T16:27:31+00:00","twitter_card":"summary_large_image","twitter_misc":{"Estimated reading time":"1 minute"},"schema":{"@context":"https:\/\/schema.org","@graph":[{"@type":"WebPage","@id":"https:\/\/tresfils.com\/","url":"https:\/\/tresfils.com\/","name":"Tresfils Electricitat I Telecomunicacions","isPartOf":{"@id":"https:\/\/tresfils.com\/#website"},"datePublished":"2020-11-06T12:41:21+00:00","dateModified":"2025-08-07T16:27:31+00:00","description":"En Tresfils, no solo instalamos. La confianza que nuestros clientes depositan en nosotros se basa en un compromiso firme con...","breadcrumb":{"@id":"https:\/\/tresfils.com\/#breadcrumb"},"inLanguage":"en-GB","potentialAction":[{"@type":"ReadAction","target":["https:\/\/tresfils.com\/"]}]},{"@type":"BreadcrumbList","@id":"https:\/\/tresfils.com\/#breadcrumb","itemListElement":[{"@type":"ListItem","position":1,"name":"Portada","item":"https:\/\/tresfils.com\/"},{"@type":"ListItem","position":2,"name":"Home"}]},{"@type":"WebSite","@id":"https:\/\/tresfils.com\/#website","url":"https:\/\/tresfils.com\/","name":"Tresfils Electricitat I Telecomunicacions","description":"","publisher":{"@id":"https:\/\/tresfils.com\/#organization"},"potentialAction":[{"@type":"SearchAction","target":{"@type":"EntryPoint","urlTemplate":"https:\/\/tresfils.com\/?s={search_term_string}"},"query-input":{"@type":"PropertyValueSpecification","valueRequired":true,"valueName":"search_term_string"}}],"inLanguage":"en-GB"},{"@type":"Organization","@id":"https:\/\/tresfils.com\/#organization","name":"Tresfils Electricitat I Telecomunicacions","url":"https:\/\/tresfils.com\/","logo":{"@type":"ImageObject","inLanguage":"en-GB","@id":"https:\/\/tresfils.com\/#\/schema\/logo\/image\/","url":"https:\/\/tresfils.com\/wp-content\/uploads\/2024\/09\/logoTresFils.jpg","contentUrl":"https:\/\/tresfils.com\/wp-content\/uploads\/2024\/09\/logoTresFils.jpg","width":298,"height":102,"caption":"Tresfils Electricitat I Telecomunicacions"},"image":{"@id":"https:\/\/tresfils.com\/#\/schema\/logo\/image\/"}}]}},"_links":{"self":[{"href":"https:\/\/tresfils.com\/en\/wp-json\/wp\/v2\/pages\/11","targetHints":{"allow":["GET"]}}],"collection":[{"href":"https:\/\/tresfils.com\/en\/wp-json\/wp\/v2\/pages"}],"about":[{"href":"https:\/\/tresfils.com\/en\/wp-json\/wp\/v2\/types\/page"}],"author":[{"embeddable":true,"href":"https:\/\/tresfils.com\/en\/wp-json\/wp\/v2\/users\/1"}],"replies":[{"embeddable":true,"href":"https:\/\/tresfils.com\/en\/wp-json\/wp\/v2\/comments?post=11"}],"version-history":[{"count":17,"href":"https:\/\/tresfils.com\/en\/wp-json\/wp\/v2\/pages\/11\/revisions"}],"predecessor-version":[{"id":496,"href":"https:\/\/tresfils.com\/en\/wp-json\/wp\/v2\/pages\/11\/revisions\/496"}],"wp:attachment":[{"href":"https:\/\/tresfils.com\/en\/wp-json\/wp\/v2\/media?parent=11"}],"curies":[{"name":"wp","href":"https:\/\/api.w.org\/{rel}","templated":true}]}}