{"id":12,"date":"2020-11-06T12:42:43","date_gmt":"2020-11-06T12:42:43","guid":{"rendered":"http:\/\/localhost\/togo\/?page_id=11"},"modified":"2025-07-17T08:08:38","modified_gmt":"2025-07-17T06:08:38","slug":"about-us","status":"publish","type":"page","link":"https:\/\/tresfils.com\/en\/about-us\/","title":{"rendered":"About Us"},"content":{"rendered":"<div class=\"wpb-content-wrapper\"><div class=\"clear\"><\/div><div class=\"full-width-section\" ><div class=\"block-wrapper pt-100 pb-100\"><div class=\"section-wrapper container\"><div class=\"row-layout  row\"><div class=\"wpb_column vc_column_container vc_col-sm-12\"><div class=\"vc_column-inner\"><div class=\"wpb_wrapper\"><div class=\"vc_row wpb_row vc_inner vc_row-fluid\"><div class=\"wpb_column vc_column_container vc_col-sm-12\"><div class=\"vc_column-inner\"><div class=\"wpb_wrapper\"><div class=\"sec-title mb-20\"><h4 class=\"title\" style=\"\">NUESTRA HISTORIA<\/h4><\/div><\/div><\/div><\/div><\/div><div class=\"vc_row wpb_row vc_inner vc_row-fluid\"><div class=\"wpb_column vc_column_container vc_col-sm-4\"><div class=\"vc_column-inner\"><div class=\"wpb_wrapper\"><\/div><\/div><\/div><div class=\"wpb_column vc_column_container vc_col-sm-8\"><div class=\"vc_column-inner\"><div class=\"wpb_wrapper\"><div class=\"sec-title\"><h6 class=\"small-title\" style=\"\">Over 30 years creating installations with value<\/h6><\/div><div class=\"sec-text text-justify\" style=\"margin:0px 0px 40px 0px;\"><p>At Tresfils, we've been providing installation services in Mallorca since 1994 with a clear goal: to ensure that every project, big or small, brings peace of mind to our clients.\nWe specialize in electrical installations, plumbing, and climate control systems, combining experience, technology, and a personalized approach.<\/p>\n<\/p><\/div><\/div><\/div><\/div><\/div><div class=\"vc_row wpb_row vc_inner vc_row-fluid\"><div class=\"wpb_column vc_column_container vc_col-sm-8\"><div class=\"vc_column-inner\"><div class=\"wpb_wrapper\"><div class=\"sec-title\"><h6 class=\"small-title\" style=\"\">Quality You Can Feel. Commitment You Can Trust.<\/h6><\/div><div class=\"sec-text text-justify\" style=\"margin:0px 0px 40px 0px;\"><p>The trust our clients place in us is built on a firm commitment to quality and excellence in every detail.\nAt Tresfils, we don't just install \u2014 we advise, design, and implement tailored solutions, taking care of every step to ensure long-lasting and efficient results.<\/p>\n<\/p><\/div><\/div><\/div><\/div><\/div><div class=\"vc_row wpb_row vc_inner vc_row-fluid\"><div class=\"wpb_column vc_column_container vc_col-sm-8\"><div class=\"vc_column-inner\"><div class=\"wpb_wrapper\"><div class=\"sec-title\"><h6 class=\"small-title\" style=\"\">Innovation with Purpose<\/h6><\/div><div class=\"sec-text text-justify\" style=\"margin:0px 0px 40px 0px;\"><p>Over the years, we've evolved by integrating new technologies and work methods that allow us to be more agile, sustainable, and effective.\nWe are committed to continuous training and staying at the forefront of the industry to deliver a modern, reliable service that meets today's demands.<\/p><\/div><\/div><\/div><\/div><\/div><div class=\"vc_row wpb_row vc_inner vc_row-fluid\"><div class=\"wpb_column vc_column_container vc_col-sm-4\"><div class=\"vc_column-inner\"><div class=\"wpb_wrapper\"><\/div><\/div><\/div><div class=\"wpb_column vc_column_container vc_col-sm-8\"><div class=\"vc_column-inner\"><div class=\"wpb_wrapper\"><div class=\"sec-title\"><h6 class=\"small-title\" style=\"\">Your Project in Good Hands<\/h6><\/div><div class=\"sec-text text-justify\" style=\"margin:0px 0px 40px 0px;\"><p>Today, with a strong track record and a solid base of satisfied clients, Tresfils continues to look ahead.\nWe are driven by the desire to keep improving, growing alongside our clients, and facing each challenge with the same professionalism and dedication as always.<\/p><\/div><\/div><\/div><\/div><\/div><div class=\"vc_row wpb_row vc_inner vc_row-fluid\"><div class=\"wpb_column vc_column_container vc_col-sm-12\"><div class=\"vc_column-inner\"><div class=\"wpb_wrapper\"><div class=\"sec-title\"><div class=\"about\"><div class=\"yearimg\"><div class=\"numb\" style=\"\">+30<\/div><\/div><div class=\"year\"><h6 class=\"small-title\" style=\"\">In the installation sector<\/h6><h4 class=\"title\" style=\"\">Years of experience<\/h4><\/div><\/div><\/div><\/div><\/div><\/div><\/div><\/div><\/div><\/div><\/div><\/div><\/div><\/div><div class=\"clear\"><\/div><div class=\"clear\"><\/div><div class=\"full-width-section\" ><div class=\"block-wrapper\"><div class=\"section-wrapper container\"><div class=\"row-layout  row\"><div class=\"wpb_column vc_column_container vc_col-sm-12\"><div class=\"vc_column-inner\"><div class=\"wpb_wrapper\"><div class=\"sec-clients clients text-center\" style=\"\"><div class=\"owl-carousel owl-theme\" data-client-autoplay=\"false\" data-client-speed=\"500\"><div class=\"client-logo\"><img decoding=\"async\" class=\"if-grayscale\" src=\"https:\/\/tresfils.com\/wp-content\/uploads\/2025\/07\/FenieEnergia_Logo.png\"  alt=\"FenieEnergia_Logo\" \/><\/div><div class=\"client-logo\"><img decoding=\"async\" class=\"if-grayscale\" src=\"https:\/\/tresfils.com\/wp-content\/uploads\/2025\/07\/KNXAdvanced_Logo.png\"  alt=\"KNXAdvanced_Logo\" \/><\/div><div class=\"client-logo\"><img decoding=\"async\" class=\"if-grayscale\" src=\"https:\/\/tresfils.com\/wp-content\/uploads\/2025\/07\/AsinemEIC_Logo.png\"  alt=\"AsinemEIC_Logo\" \/><\/div><div class=\"client-logo\"><img decoding=\"async\" class=\"if-grayscale\" src=\"https:\/\/tresfils.com\/wp-content\/uploads\/2025\/07\/Loxone_Logo.png\"  alt=\"Loxone_Logo\" \/><\/div><div class=\"client-logo\"><img decoding=\"async\" class=\"if-grayscale\" src=\"https:\/\/tresfils.com\/wp-content\/uploads\/2025\/07\/JuntaArbitral_Logo.png\"  alt=\"JuntaArbitral_Logo\" \/><\/div><\/div><\/div><\/div><\/div><\/div><\/div><\/div><\/div><\/div><div class=\"clear\"><\/div>\n<\/div>","protected":false},"excerpt":{"rendered":"NUESTRA HISTORIAMAS DE 30 A\u00d1OS CREANDO INSTALACIONES CON VALOREn Tresfils llevamos desde 1994 ofreciendo servicios de instalaci\u00f3n en Mallorca con un objetivo muy claro: que cada proyecto, grande o peque\u00f1o, se traduzca en tranquilidad para nuestros clientes. Nos especializamos en instalaciones el\u00e9ctricas, fontaner\u00eda y climatizaci\u00f3n, combinando experiencia, tecnolog\u00eda y un trato cercano CALIDAD QUE SE [...]","protected":false},"author":1,"featured_media":0,"parent":0,"menu_order":0,"comment_status":"closed","ping_status":"closed","template":"","meta":{"footnotes":"","_links_to":"","_links_to_target":""},"class_list":["post-12","page","type-page","status-publish","hentry"],"yoast_head":"<!-- This site is optimized with the Yoast SEO plugin v27.3 - https:\/\/yoast.com\/product\/yoast-seo-wordpress\/ -->\r\n<title>About Us - Tresfils Electricitat I Telecomunicacions<\/title>\r\n<meta name=\"robots\" content=\"index, follow, max-snippet:-1, max-image-preview:large, max-video-preview:-1\" \/>\r\n<link rel=\"canonical\" href=\"https:\/\/tresfils.com\/en\/about-us\/\" \/>\r\n<meta property=\"og:locale\" content=\"en_GB\" \/>\r\n<meta property=\"og:type\" content=\"article\" \/>\r\n<meta property=\"og:title\" content=\"About Us - Tresfils Electricitat I Telecomunicacions\" \/>\r\n<meta property=\"og:url\" content=\"https:\/\/tresfils.com\/en\/about-us\/\" \/>\r\n<meta property=\"og:site_name\" content=\"Tresfils Electricitat I Telecomunicacions\" \/>\r\n<meta property=\"article:modified_time\" content=\"2025-07-17T06:08:38+00:00\" \/>\r\n<meta name=\"twitter:card\" content=\"summary_large_image\" \/>\r\n<meta name=\"twitter:label1\" content=\"Estimated reading time\" \/>\n\t<meta name=\"twitter:data1\" content=\"2 minutes\" \/>\r\n<script type=\"application\/ld+json\" class=\"yoast-schema-graph\">{\"@context\":\"https:\\\/\\\/schema.org\",\"@graph\":[{\"@type\":\"WebPage\",\"@id\":\"https:\\\/\\\/tresfils.com\\\/about-us\\\/\",\"url\":\"https:\\\/\\\/tresfils.com\\\/about-us\\\/\",\"name\":\"About Us - Tresfils Electricitat I Telecomunicacions\",\"isPartOf\":{\"@id\":\"https:\\\/\\\/tresfils.com\\\/#website\"},\"datePublished\":\"2020-11-06T12:42:43+00:00\",\"dateModified\":\"2025-07-17T06:08:38+00:00\",\"breadcrumb\":{\"@id\":\"https:\\\/\\\/tresfils.com\\\/about-us\\\/#breadcrumb\"},\"inLanguage\":\"en-GB\",\"potentialAction\":[{\"@type\":\"ReadAction\",\"target\":[\"https:\\\/\\\/tresfils.com\\\/about-us\\\/\"]}]},{\"@type\":\"BreadcrumbList\",\"@id\":\"https:\\\/\\\/tresfils.com\\\/about-us\\\/#breadcrumb\",\"itemListElement\":[{\"@type\":\"ListItem\",\"position\":1,\"name\":\"Portada\",\"item\":\"https:\\\/\\\/tresfils.com\\\/\"},{\"@type\":\"ListItem\",\"position\":2,\"name\":\"About Us\"}]},{\"@type\":\"WebSite\",\"@id\":\"https:\\\/\\\/tresfils.com\\\/#website\",\"url\":\"https:\\\/\\\/tresfils.com\\\/\",\"name\":\"Tresfils Electricitat I Telecomunicacions\",\"description\":\"\",\"publisher\":{\"@id\":\"https:\\\/\\\/tresfils.com\\\/#organization\"},\"potentialAction\":[{\"@type\":\"SearchAction\",\"target\":{\"@type\":\"EntryPoint\",\"urlTemplate\":\"https:\\\/\\\/tresfils.com\\\/?s={search_term_string}\"},\"query-input\":{\"@type\":\"PropertyValueSpecification\",\"valueRequired\":true,\"valueName\":\"search_term_string\"}}],\"inLanguage\":\"en-GB\"},{\"@type\":\"Organization\",\"@id\":\"https:\\\/\\\/tresfils.com\\\/#organization\",\"name\":\"Tresfils Electricitat I Telecomunicacions\",\"url\":\"https:\\\/\\\/tresfils.com\\\/\",\"logo\":{\"@type\":\"ImageObject\",\"inLanguage\":\"en-GB\",\"@id\":\"https:\\\/\\\/tresfils.com\\\/#\\\/schema\\\/logo\\\/image\\\/\",\"url\":\"https:\\\/\\\/tresfils.com\\\/wp-content\\\/uploads\\\/2024\\\/09\\\/logoTresFils.jpg\",\"contentUrl\":\"https:\\\/\\\/tresfils.com\\\/wp-content\\\/uploads\\\/2024\\\/09\\\/logoTresFils.jpg\",\"width\":298,\"height\":102,\"caption\":\"Tresfils Electricitat I Telecomunicacions\"},\"image\":{\"@id\":\"https:\\\/\\\/tresfils.com\\\/#\\\/schema\\\/logo\\\/image\\\/\"}}]}<\/script>\r\n<!-- \/ Yoast SEO plugin. -->","yoast_head_json":{"title":"About Us - Tresfils Electricitat I Telecomunicacions","robots":{"index":"index","follow":"follow","max-snippet":"max-snippet:-1","max-image-preview":"max-image-preview:large","max-video-preview":"max-video-preview:-1"},"canonical":"https:\/\/tresfils.com\/en\/about-us\/","og_locale":"en_GB","og_type":"article","og_title":"About Us - Tresfils Electricitat I Telecomunicacions","og_url":"https:\/\/tresfils.com\/en\/about-us\/","og_site_name":"Tresfils Electricitat I Telecomunicacions","article_modified_time":"2025-07-17T06:08:38+00:00","twitter_card":"summary_large_image","twitter_misc":{"Estimated reading time":"2 minutes"},"schema":{"@context":"https:\/\/schema.org","@graph":[{"@type":"WebPage","@id":"https:\/\/tresfils.com\/about-us\/","url":"https:\/\/tresfils.com\/about-us\/","name":"About Us - Tresfils Electricitat I Telecomunicacions","isPartOf":{"@id":"https:\/\/tresfils.com\/#website"},"datePublished":"2020-11-06T12:42:43+00:00","dateModified":"2025-07-17T06:08:38+00:00","breadcrumb":{"@id":"https:\/\/tresfils.com\/about-us\/#breadcrumb"},"inLanguage":"en-GB","potentialAction":[{"@type":"ReadAction","target":["https:\/\/tresfils.com\/about-us\/"]}]},{"@type":"BreadcrumbList","@id":"https:\/\/tresfils.com\/about-us\/#breadcrumb","itemListElement":[{"@type":"ListItem","position":1,"name":"Portada","item":"https:\/\/tresfils.com\/"},{"@type":"ListItem","position":2,"name":"About Us"}]},{"@type":"WebSite","@id":"https:\/\/tresfils.com\/#website","url":"https:\/\/tresfils.com\/","name":"Tresfils Electricitat I Telecomunicacions","description":"","publisher":{"@id":"https:\/\/tresfils.com\/#organization"},"potentialAction":[{"@type":"SearchAction","target":{"@type":"EntryPoint","urlTemplate":"https:\/\/tresfils.com\/?s={search_term_string}"},"query-input":{"@type":"PropertyValueSpecification","valueRequired":true,"valueName":"search_term_string"}}],"inLanguage":"en-GB"},{"@type":"Organization","@id":"https:\/\/tresfils.com\/#organization","name":"Tresfils Electricitat I Telecomunicacions","url":"https:\/\/tresfils.com\/","logo":{"@type":"ImageObject","inLanguage":"en-GB","@id":"https:\/\/tresfils.com\/#\/schema\/logo\/image\/","url":"https:\/\/tresfils.com\/wp-content\/uploads\/2024\/09\/logoTresFils.jpg","contentUrl":"https:\/\/tresfils.com\/wp-content\/uploads\/2024\/09\/logoTresFils.jpg","width":298,"height":102,"caption":"Tresfils Electricitat I Telecomunicacions"},"image":{"@id":"https:\/\/tresfils.com\/#\/schema\/logo\/image\/"}}]}},"_links":{"self":[{"href":"https:\/\/tresfils.com\/en\/wp-json\/wp\/v2\/pages\/12","targetHints":{"allow":["GET"]}}],"collection":[{"href":"https:\/\/tresfils.com\/en\/wp-json\/wp\/v2\/pages"}],"about":[{"href":"https:\/\/tresfils.com\/en\/wp-json\/wp\/v2\/types\/page"}],"author":[{"embeddable":true,"href":"https:\/\/tresfils.com\/en\/wp-json\/wp\/v2\/users\/1"}],"replies":[{"embeddable":true,"href":"https:\/\/tresfils.com\/en\/wp-json\/wp\/v2\/comments?post=12"}],"version-history":[{"count":28,"href":"https:\/\/tresfils.com\/en\/wp-json\/wp\/v2\/pages\/12\/revisions"}],"predecessor-version":[{"id":492,"href":"https:\/\/tresfils.com\/en\/wp-json\/wp\/v2\/pages\/12\/revisions\/492"}],"wp:attachment":[{"href":"https:\/\/tresfils.com\/en\/wp-json\/wp\/v2\/media?parent=12"}],"curies":[{"name":"wp","href":"https:\/\/api.w.org\/{rel}","templated":true}]}}