{"id":273,"date":"2024-09-04T09:25:46","date_gmt":"2024-09-04T07:25:46","guid":{"rendered":"https:\/\/tresfils.com\/?page_id=273"},"modified":"2024-10-15T08:31:26","modified_gmt":"2024-10-15T06:31:26","slug":"declaracion-de-accesibilidad","status":"publish","type":"page","link":"https:\/\/tresfils.com\/en\/declaracion-de-accesibilidad\/","title":{"rendered":"Accessibility Statement"},"content":{"rendered":"<div class=\"clear\"><\/div><div class=\"blank-section\"><div class=\"wpb_column vc_column_container vc_col-sm-12\"><div class=\"vc_column-inner\"><div class=\"wpb_wrapper\">\n\t<div class=\"wpb_text_column wpb_content_element\" >\n\t\t<div class=\"wpb_wrapper\">\n\t\t\t<p>El organismo<strong> Tresfils electricitat i telecomunicacions sl.<\/strong>\u00a0se ha comprometido a hacer accesible\u00a0<a href=\"https:\/\/tresfils.com\/\" target=\"_blank\" rel=\"noopener\">https:\/\/tresfils.com<\/a>\u00a0de conformidad con el\u00a0<a href=\"https:\/\/www.boe.es\/buscar\/act.php?id=BOE-A-2018-12699\" target=\"_blank\" rel=\"noopener\">Real Decreto 1112\/2018, de 7 de septiembre, sobre accesibilidad de los sitios web y aplicaciones para dispositivos m\u00f3viles del sector p\u00fablico<\/a>.<\/p>\n<p>La presente declaraci\u00f3n de accesibilidad se aplica al sitio web:\u00a0<a href=\"https:\/\/tresfils.com\/\" target=\"_blank\" rel=\"noopener\">https:\/\/tresfils.com<\/a>. Este sitio web es plenamente conforme con\u00a0<strong>RD 1112\/2018<\/strong>.<\/p>\n<p><small>La presente declaraci\u00f3n fue preparada el 4 de septiembre del 2024.<\/small><\/p>\n<p><small>El m\u00e9todo empleado para preparar la declaraci\u00f3n ha sido una autoevaluaci\u00f3n llevada a cabo por el propio organismo.<\/small><\/p>\n\n\t\t<\/div>\n\t<\/div>\n<\/div><\/div><\/div><\/div><div class=\"clear\"><\/div>","protected":false},"excerpt":{"rendered":"El organismo Tresfils electricitat i telecomunicacions sl.\u00a0se ha comprometido a hacer accesible\u00a0https:\/\/tresfils.com\u00a0de conformidad con el\u00a0Real Decreto 1112\/2018, de 7 de septiembre, sobre accesibilidad de los sitios web y aplicaciones para dispositivos m\u00f3viles del sector p\u00fablico. La presente declaraci\u00f3n de accesibilidad se aplica al sitio web:\u00a0https:\/\/tresfils.com. Este sitio web es plenamente conforme con\u00a0RD 1112\/2018. La presente [...]","protected":false},"author":1,"featured_media":0,"parent":0,"menu_order":0,"comment_status":"closed","ping_status":"closed","template":"","meta":{"footnotes":"","_links_to":"","_links_to_target":""},"class_list":["post-273","page","type-page","status-publish","hentry"],"yoast_head":"<!-- This site is optimized with the Yoast SEO plugin v27.3 - https:\/\/yoast.com\/product\/yoast-seo-wordpress\/ -->\r\n<title>Declaraci\u00f3n de accesibilidad - Tresfils Electricitat I Telecomunicacions<\/title>\r\n<meta name=\"robots\" content=\"index, follow, max-snippet:-1, max-image-preview:large, max-video-preview:-1\" \/>\r\n<link rel=\"canonical\" href=\"https:\/\/tresfils.com\/en\/declaracion-de-accesibilidad\/\" \/>\r\n<meta property=\"og:locale\" content=\"en_GB\" \/>\r\n<meta property=\"og:type\" content=\"article\" \/>\r\n<meta property=\"og:title\" content=\"Declaraci\u00f3n de accesibilidad - Tresfils Electricitat I Telecomunicacions\" \/>\r\n<meta property=\"og:url\" content=\"https:\/\/tresfils.com\/en\/declaracion-de-accesibilidad\/\" \/>\r\n<meta property=\"og:site_name\" content=\"Tresfils Electricitat I Telecomunicacions\" \/>\r\n<meta property=\"article:modified_time\" content=\"2024-10-15T06:31:26+00:00\" \/>\r\n<meta name=\"twitter:card\" content=\"summary_large_image\" \/>\r\n<meta name=\"twitter:label1\" content=\"Estimated reading time\" \/>\n\t<meta name=\"twitter:data1\" content=\"1 minute\" \/>\r\n<script type=\"application\/ld+json\" class=\"yoast-schema-graph\">{\"@context\":\"https:\\\/\\\/schema.org\",\"@graph\":[{\"@type\":\"WebPage\",\"@id\":\"https:\\\/\\\/tresfils.com\\\/declaracion-de-accesibilidad\\\/\",\"url\":\"https:\\\/\\\/tresfils.com\\\/declaracion-de-accesibilidad\\\/\",\"name\":\"Declaraci\u00f3n de accesibilidad - Tresfils Electricitat I Telecomunicacions\",\"isPartOf\":{\"@id\":\"https:\\\/\\\/tresfils.com\\\/#website\"},\"datePublished\":\"2024-09-04T07:25:46+00:00\",\"dateModified\":\"2024-10-15T06:31:26+00:00\",\"breadcrumb\":{\"@id\":\"https:\\\/\\\/tresfils.com\\\/declaracion-de-accesibilidad\\\/#breadcrumb\"},\"inLanguage\":\"en-GB\",\"potentialAction\":[{\"@type\":\"ReadAction\",\"target\":[\"https:\\\/\\\/tresfils.com\\\/declaracion-de-accesibilidad\\\/\"]}]},{\"@type\":\"BreadcrumbList\",\"@id\":\"https:\\\/\\\/tresfils.com\\\/declaracion-de-accesibilidad\\\/#breadcrumb\",\"itemListElement\":[{\"@type\":\"ListItem\",\"position\":1,\"name\":\"Portada\",\"item\":\"https:\\\/\\\/tresfils.com\\\/\"},{\"@type\":\"ListItem\",\"position\":2,\"name\":\"Declaraci\u00f3n de accesibilidad\"}]},{\"@type\":\"WebSite\",\"@id\":\"https:\\\/\\\/tresfils.com\\\/#website\",\"url\":\"https:\\\/\\\/tresfils.com\\\/\",\"name\":\"Tresfils Electricitat I Telecomunicacions\",\"description\":\"\",\"publisher\":{\"@id\":\"https:\\\/\\\/tresfils.com\\\/#organization\"},\"potentialAction\":[{\"@type\":\"SearchAction\",\"target\":{\"@type\":\"EntryPoint\",\"urlTemplate\":\"https:\\\/\\\/tresfils.com\\\/?s={search_term_string}\"},\"query-input\":{\"@type\":\"PropertyValueSpecification\",\"valueRequired\":true,\"valueName\":\"search_term_string\"}}],\"inLanguage\":\"en-GB\"},{\"@type\":\"Organization\",\"@id\":\"https:\\\/\\\/tresfils.com\\\/#organization\",\"name\":\"Tresfils Electricitat I Telecomunicacions\",\"url\":\"https:\\\/\\\/tresfils.com\\\/\",\"logo\":{\"@type\":\"ImageObject\",\"inLanguage\":\"en-GB\",\"@id\":\"https:\\\/\\\/tresfils.com\\\/#\\\/schema\\\/logo\\\/image\\\/\",\"url\":\"https:\\\/\\\/tresfils.com\\\/wp-content\\\/uploads\\\/2024\\\/09\\\/logoTresFils.jpg\",\"contentUrl\":\"https:\\\/\\\/tresfils.com\\\/wp-content\\\/uploads\\\/2024\\\/09\\\/logoTresFils.jpg\",\"width\":298,\"height\":102,\"caption\":\"Tresfils Electricitat I Telecomunicacions\"},\"image\":{\"@id\":\"https:\\\/\\\/tresfils.com\\\/#\\\/schema\\\/logo\\\/image\\\/\"}}]}<\/script>\r\n<!-- \/ Yoast SEO plugin. -->","yoast_head_json":{"title":"Declaraci\u00f3n de accesibilidad - Tresfils Electricitat I Telecomunicacions","robots":{"index":"index","follow":"follow","max-snippet":"max-snippet:-1","max-image-preview":"max-image-preview:large","max-video-preview":"max-video-preview:-1"},"canonical":"https:\/\/tresfils.com\/en\/declaracion-de-accesibilidad\/","og_locale":"en_GB","og_type":"article","og_title":"Declaraci\u00f3n de accesibilidad - Tresfils Electricitat I Telecomunicacions","og_url":"https:\/\/tresfils.com\/en\/declaracion-de-accesibilidad\/","og_site_name":"Tresfils Electricitat I Telecomunicacions","article_modified_time":"2024-10-15T06:31:26+00:00","twitter_card":"summary_large_image","twitter_misc":{"Estimated reading time":"1 minute"},"schema":{"@context":"https:\/\/schema.org","@graph":[{"@type":"WebPage","@id":"https:\/\/tresfils.com\/declaracion-de-accesibilidad\/","url":"https:\/\/tresfils.com\/declaracion-de-accesibilidad\/","name":"Declaraci\u00f3n de accesibilidad - Tresfils Electricitat I Telecomunicacions","isPartOf":{"@id":"https:\/\/tresfils.com\/#website"},"datePublished":"2024-09-04T07:25:46+00:00","dateModified":"2024-10-15T06:31:26+00:00","breadcrumb":{"@id":"https:\/\/tresfils.com\/declaracion-de-accesibilidad\/#breadcrumb"},"inLanguage":"en-GB","potentialAction":[{"@type":"ReadAction","target":["https:\/\/tresfils.com\/declaracion-de-accesibilidad\/"]}]},{"@type":"BreadcrumbList","@id":"https:\/\/tresfils.com\/declaracion-de-accesibilidad\/#breadcrumb","itemListElement":[{"@type":"ListItem","position":1,"name":"Portada","item":"https:\/\/tresfils.com\/"},{"@type":"ListItem","position":2,"name":"Declaraci\u00f3n de accesibilidad"}]},{"@type":"WebSite","@id":"https:\/\/tresfils.com\/#website","url":"https:\/\/tresfils.com\/","name":"Tresfils Electricitat I Telecomunicacions","description":"","publisher":{"@id":"https:\/\/tresfils.com\/#organization"},"potentialAction":[{"@type":"SearchAction","target":{"@type":"EntryPoint","urlTemplate":"https:\/\/tresfils.com\/?s={search_term_string}"},"query-input":{"@type":"PropertyValueSpecification","valueRequired":true,"valueName":"search_term_string"}}],"inLanguage":"en-GB"},{"@type":"Organization","@id":"https:\/\/tresfils.com\/#organization","name":"Tresfils Electricitat I Telecomunicacions","url":"https:\/\/tresfils.com\/","logo":{"@type":"ImageObject","inLanguage":"en-GB","@id":"https:\/\/tresfils.com\/#\/schema\/logo\/image\/","url":"https:\/\/tresfils.com\/wp-content\/uploads\/2024\/09\/logoTresFils.jpg","contentUrl":"https:\/\/tresfils.com\/wp-content\/uploads\/2024\/09\/logoTresFils.jpg","width":298,"height":102,"caption":"Tresfils Electricitat I Telecomunicacions"},"image":{"@id":"https:\/\/tresfils.com\/#\/schema\/logo\/image\/"}}]}},"_links":{"self":[{"href":"https:\/\/tresfils.com\/en\/wp-json\/wp\/v2\/pages\/273","targetHints":{"allow":["GET"]}}],"collection":[{"href":"https:\/\/tresfils.com\/en\/wp-json\/wp\/v2\/pages"}],"about":[{"href":"https:\/\/tresfils.com\/en\/wp-json\/wp\/v2\/types\/page"}],"author":[{"embeddable":true,"href":"https:\/\/tresfils.com\/en\/wp-json\/wp\/v2\/users\/1"}],"replies":[{"embeddable":true,"href":"https:\/\/tresfils.com\/en\/wp-json\/wp\/v2\/comments?post=273"}],"version-history":[{"count":4,"href":"https:\/\/tresfils.com\/en\/wp-json\/wp\/v2\/pages\/273\/revisions"}],"predecessor-version":[{"id":278,"href":"https:\/\/tresfils.com\/en\/wp-json\/wp\/v2\/pages\/273\/revisions\/278"}],"wp:attachment":[{"href":"https:\/\/tresfils.com\/en\/wp-json\/wp\/v2\/media?parent=273"}],"curies":[{"name":"wp","href":"https:\/\/api.w.org\/{rel}","templated":true}]}}