{"id":51,"date":"2020-11-06T10:59:38","date_gmt":"2020-11-06T10:59:38","guid":{"rendered":"http:\/\/localhost\/togo\/?page_id=51"},"modified":"2025-07-17T08:07:26","modified_gmt":"2025-07-17T06:07:26","slug":"services","status":"publish","type":"page","link":"https:\/\/tresfils.com\/en\/services\/","title":{"rendered":"Services"},"content":{"rendered":"<div class=\"wpb-content-wrapper\"><div class=\"clear\"><\/div><div class=\"full-width-section\" ><div class=\"block-wrapper pt-100 pb-100\" style=' padding-bottom:20px;'><div class=\"section-wrapper container\"><div class=\"row-layout  row\"><div class=\"wpb_column vc_column_container vc_col-sm-12\"><div class=\"vc_column-inner\"><div class=\"wpb_wrapper\"><div class=\"vc_row wpb_row vc_inner vc_row-fluid\"><div class=\"wpb_column vc_column_container vc_col-sm-12\"><div class=\"vc_column-inner\"><div class=\"wpb_wrapper\"><div class=\"sec-title mb-20\"><h6 class=\"small-title\" style=\"\">What do we offer?<\/h6><h4 class=\"title\" style=\"\">Our services<\/h4><\/div><\/div><\/div><\/div><\/div><div class=\"vc_row wpb_row vc_inner vc_row-fluid\"><div class=\"wpb_column vc_column_container vc_col-sm-6\"><div class=\"vc_column-inner\"><div class=\"wpb_wrapper\"><div class=\"sec-services services  mb-40\" style=\"\"><div class=\"item\" style=\"background-image: url(https:\/\/tresfils.com\/wp-content\/uploads\/2020\/11\/1-2.jpg);\"><a href=\"https:\/\/tresfils.com\/contact\/\"><div class=\"con\"><div class=\"numb\" style=\"\">01<\/div><h5 style=\"\">Electrical installations<\/h5><p>We carry out comprehensive electrical installations, from design to implementation, ensuring safe, efficient systems that comply with current regulations, for both residential and commercial projects.<\/p><\/div><\/a><\/div><\/div><div class=\"sec-services services  mb-40\" style=\"\"><div class=\"item\" style=\"background-image: url(https:\/\/tresfils.com\/wp-content\/uploads\/2020\/11\/2-2.jpg);\"><a href=\"https:\/\/tresfils.com\/contact\/\"><div class=\"con\"><div class=\"numb\" style=\"\">03<\/div><h5 style=\"\">Telecommunications Installations<\/h5><p>We plan, develop and install telecommunications systems that ensure secure, stable and adapted connectivity tailored to the needs of each space.<\/p><\/div><\/a><\/div><\/div><div class=\"sec-services services  mb-40\" style=\"\"><div class=\"item\" style=\"background-image: url(https:\/\/tresfils.com\/wp-content\/uploads\/2020\/11\/2-2.jpg);\"><a href=\"https:\/\/tresfils.com\/contact\/\"><div class=\"con\"><div class=\"numb\" style=\"\">05<\/div><h5 style=\"\">Renewable Energy Installations<\/h5><p>Specializing in the installation of solar energy systems, we provide sustainable and efficient solutions that enable our clients to reduce their carbon footprint and harness clean energy sources.<\/p><\/div><\/a><\/div><\/div><\/div><\/div><\/div><div class=\"wpb_column vc_column_container vc_col-sm-6\"><div class=\"vc_column-inner\"><div class=\"wpb_wrapper\"><div class=\"sec-services services  mb-40\" style=\"\"><div class=\"item\" style=\"background-image: url(https:\/\/tresfils.com\/wp-content\/uploads\/2020\/11\/3-2.jpg);\"><a href=\"https:\/\/tresfils.com\/contact\/\"><div class=\"con\"><div class=\"numb\" style=\"\">02<\/div><h5 style=\"\">Climate Control Installations:<\/h5><p>We offer complete climate control solutions, from the installation of heating and air conditioning systems to the optimization of energy efficiency, ensuring comfort and control in all spaces.<\/p><\/div><\/a><\/div><\/div><div class=\"sec-services services  mb-40\" style=\"\"><div class=\"item\" style=\"background-image: url(https:\/\/tresfils.com\/wp-content\/uploads\/2020\/11\/2-2.jpg);\"><a href=\"https:\/\/tresfils.com\/contact\/\"><div class=\"con\"><div class=\"numb\" style=\"\">04<\/div><h5 style=\"\">Home Automation and KNX<\/h5><p>\n<p data-start=\"195\" data-end=\"547\">We implement home automation and KNX systems that optimize comfort, security, and energy efficiency, providing full control from any device.<\/p>\n<\/p><\/div><\/a><\/div><\/div><div class=\"sec-services services  mb-40\" style=\"\"><div class=\"item\" style=\"background-image: url(https:\/\/tresfils.com\/wp-content\/uploads\/2020\/11\/2-2.jpg);\"><a href=\"https:\/\/tresfils.com\/contact\/\"><div class=\"con\"><div class=\"numb\" style=\"\">06<\/div><h5 style=\"\">Maintenance Service (SAT)<\/h5><p>We provide comprehensive technical maintenance services, ensuring the optimal operation and durability of all installed systems, with prompt attention and specialized support.<\/p><\/div><\/a><\/div><\/div><\/div><\/div><\/div><div class=\"wpb_column vc_column_container vc_col-sm-4\"><div class=\"vc_column-inner\"><div class=\"wpb_wrapper\"><\/div><\/div><\/div><\/div><\/div><\/div><\/div><\/div><\/div><\/div><\/div><div class=\"clear\"><\/div><div class=\"clear\"><\/div><div class=\"full-width-section\" ><div class=\"block-wrapper\"><div class=\"section-wrapper container\"><div class=\"row-layout  row\"><div class=\"wpb_column vc_column_container vc_col-sm-12\"><div class=\"vc_column-inner\"><div class=\"wpb_wrapper\"><div class=\"sec-clients clients text-center\" style=\"\"><div class=\"owl-carousel owl-theme\" data-client-autoplay=\"false\" data-client-speed=\"500\"><div class=\"client-logo\"><a href=\"#\" target=\"_self\"><img decoding=\"async\" class=\"if-grayscale\" src=\"https:\/\/tresfils.com\/wp-content\/uploads\/2025\/07\/FenieEnergia_Logo.png\"  alt=\"FenieEnergia_Logo\" \/><\/a><\/div><div class=\"client-logo\"><a href=\"#\" target=\"_self\"><img decoding=\"async\" class=\"if-grayscale\" src=\"https:\/\/tresfils.com\/wp-content\/uploads\/2025\/07\/KNXAdvanced_Logo.png\"  alt=\"KNXAdvanced_Logo\" \/><\/a><\/div><div class=\"client-logo\"><a href=\"#\" target=\"_self\"><img decoding=\"async\" class=\"if-grayscale\" src=\"https:\/\/tresfils.com\/wp-content\/uploads\/2025\/07\/AsinemEIC_Logo.png\"  alt=\"AsinemEIC_Logo\" \/><\/a><\/div><div class=\"client-logo\"><a href=\"#\" target=\"_self\"><img decoding=\"async\" class=\"if-grayscale\" src=\"https:\/\/tresfils.com\/wp-content\/uploads\/2025\/07\/Loxone_Logo.png\"  alt=\"Loxone_Logo\" \/><\/a><\/div><div class=\"client-logo\"><a href=\"#\" target=\"_self\"><img decoding=\"async\" class=\"if-grayscale\" src=\"https:\/\/tresfils.com\/wp-content\/uploads\/2025\/07\/JuntaArbitral_Logo.png\"  alt=\"JuntaArbitral_Logo\" \/><\/a><\/div><\/div><\/div><\/div><\/div><\/div><\/div><\/div><\/div><\/div><div class=\"clear\"><\/div>\n<\/div>","protected":false},"excerpt":{"rendered":"\u00bfQu\u00e9 ofrecemos?Nuestros servicios01Instalaciones el\u00e9ctricasRealizamos instalaciones el\u00e9ctricas integrales, desde el dise\u00f1o hasta la implementaci\u00f3n, asegurando sistemas seguros, eficientes y conformes a las normativas vigentes, tanto en proyectos residenciales como comerciales.03Instalaciones de telecomunicaciones:Instalamos sistemas de telecomunicaciones que garantizan conectividad segura, estable y adaptada a las necesidades de cada espacio.05Instalaciones de Energ\u00edas Renovables:Especializados en la instalaci\u00f3n de sistemas [...]","protected":false},"author":1,"featured_media":0,"parent":0,"menu_order":0,"comment_status":"closed","ping_status":"closed","template":"","meta":{"footnotes":"","_links_to":"","_links_to_target":""},"class_list":["post-51","page","type-page","status-publish","hentry"],"yoast_head":"<!-- This site is optimized with the Yoast SEO plugin v27.3 - https:\/\/yoast.com\/product\/yoast-seo-wordpress\/ -->\r\n<title>Services - Tresfils Electricitat I Telecomunicacions<\/title>\r\n<meta name=\"robots\" content=\"index, follow, max-snippet:-1, max-image-preview:large, max-video-preview:-1\" \/>\r\n<link rel=\"canonical\" href=\"https:\/\/tresfils.com\/en\/services\/\" \/>\r\n<meta property=\"og:locale\" content=\"en_GB\" \/>\r\n<meta property=\"og:type\" content=\"article\" \/>\r\n<meta property=\"og:title\" content=\"Services - Tresfils Electricitat I Telecomunicacions\" \/>\r\n<meta property=\"og:url\" content=\"https:\/\/tresfils.com\/en\/services\/\" \/>\r\n<meta property=\"og:site_name\" content=\"Tresfils Electricitat I Telecomunicacions\" \/>\r\n<meta property=\"article:modified_time\" content=\"2025-07-17T06:07:26+00:00\" \/>\r\n<meta name=\"twitter:card\" content=\"summary_large_image\" \/>\r\n<meta name=\"twitter:label1\" content=\"Estimated reading time\" \/>\n\t<meta name=\"twitter:data1\" content=\"1 minute\" \/>\r\n<script type=\"application\/ld+json\" class=\"yoast-schema-graph\">{\"@context\":\"https:\\\/\\\/schema.org\",\"@graph\":[{\"@type\":\"WebPage\",\"@id\":\"https:\\\/\\\/tresfils.com\\\/services\\\/\",\"url\":\"https:\\\/\\\/tresfils.com\\\/services\\\/\",\"name\":\"Services - Tresfils Electricitat I Telecomunicacions\",\"isPartOf\":{\"@id\":\"https:\\\/\\\/tresfils.com\\\/#website\"},\"datePublished\":\"2020-11-06T10:59:38+00:00\",\"dateModified\":\"2025-07-17T06:07:26+00:00\",\"breadcrumb\":{\"@id\":\"https:\\\/\\\/tresfils.com\\\/services\\\/#breadcrumb\"},\"inLanguage\":\"en-GB\",\"potentialAction\":[{\"@type\":\"ReadAction\",\"target\":[\"https:\\\/\\\/tresfils.com\\\/services\\\/\"]}]},{\"@type\":\"BreadcrumbList\",\"@id\":\"https:\\\/\\\/tresfils.com\\\/services\\\/#breadcrumb\",\"itemListElement\":[{\"@type\":\"ListItem\",\"position\":1,\"name\":\"Portada\",\"item\":\"https:\\\/\\\/tresfils.com\\\/\"},{\"@type\":\"ListItem\",\"position\":2,\"name\":\"Services\"}]},{\"@type\":\"WebSite\",\"@id\":\"https:\\\/\\\/tresfils.com\\\/#website\",\"url\":\"https:\\\/\\\/tresfils.com\\\/\",\"name\":\"Tresfils Electricitat I Telecomunicacions\",\"description\":\"\",\"publisher\":{\"@id\":\"https:\\\/\\\/tresfils.com\\\/#organization\"},\"potentialAction\":[{\"@type\":\"SearchAction\",\"target\":{\"@type\":\"EntryPoint\",\"urlTemplate\":\"https:\\\/\\\/tresfils.com\\\/?s={search_term_string}\"},\"query-input\":{\"@type\":\"PropertyValueSpecification\",\"valueRequired\":true,\"valueName\":\"search_term_string\"}}],\"inLanguage\":\"en-GB\"},{\"@type\":\"Organization\",\"@id\":\"https:\\\/\\\/tresfils.com\\\/#organization\",\"name\":\"Tresfils Electricitat I Telecomunicacions\",\"url\":\"https:\\\/\\\/tresfils.com\\\/\",\"logo\":{\"@type\":\"ImageObject\",\"inLanguage\":\"en-GB\",\"@id\":\"https:\\\/\\\/tresfils.com\\\/#\\\/schema\\\/logo\\\/image\\\/\",\"url\":\"https:\\\/\\\/tresfils.com\\\/wp-content\\\/uploads\\\/2024\\\/09\\\/logoTresFils.jpg\",\"contentUrl\":\"https:\\\/\\\/tresfils.com\\\/wp-content\\\/uploads\\\/2024\\\/09\\\/logoTresFils.jpg\",\"width\":298,\"height\":102,\"caption\":\"Tresfils Electricitat I Telecomunicacions\"},\"image\":{\"@id\":\"https:\\\/\\\/tresfils.com\\\/#\\\/schema\\\/logo\\\/image\\\/\"}}]}<\/script>\r\n<!-- \/ Yoast SEO plugin. -->","yoast_head_json":{"title":"Services - Tresfils Electricitat I Telecomunicacions","robots":{"index":"index","follow":"follow","max-snippet":"max-snippet:-1","max-image-preview":"max-image-preview:large","max-video-preview":"max-video-preview:-1"},"canonical":"https:\/\/tresfils.com\/en\/services\/","og_locale":"en_GB","og_type":"article","og_title":"Services - Tresfils Electricitat I Telecomunicacions","og_url":"https:\/\/tresfils.com\/en\/services\/","og_site_name":"Tresfils Electricitat I Telecomunicacions","article_modified_time":"2025-07-17T06:07:26+00:00","twitter_card":"summary_large_image","twitter_misc":{"Estimated reading time":"1 minute"},"schema":{"@context":"https:\/\/schema.org","@graph":[{"@type":"WebPage","@id":"https:\/\/tresfils.com\/services\/","url":"https:\/\/tresfils.com\/services\/","name":"Services - Tresfils Electricitat I Telecomunicacions","isPartOf":{"@id":"https:\/\/tresfils.com\/#website"},"datePublished":"2020-11-06T10:59:38+00:00","dateModified":"2025-07-17T06:07:26+00:00","breadcrumb":{"@id":"https:\/\/tresfils.com\/services\/#breadcrumb"},"inLanguage":"en-GB","potentialAction":[{"@type":"ReadAction","target":["https:\/\/tresfils.com\/services\/"]}]},{"@type":"BreadcrumbList","@id":"https:\/\/tresfils.com\/services\/#breadcrumb","itemListElement":[{"@type":"ListItem","position":1,"name":"Portada","item":"https:\/\/tresfils.com\/"},{"@type":"ListItem","position":2,"name":"Services"}]},{"@type":"WebSite","@id":"https:\/\/tresfils.com\/#website","url":"https:\/\/tresfils.com\/","name":"Tresfils Electricitat I Telecomunicacions","description":"","publisher":{"@id":"https:\/\/tresfils.com\/#organization"},"potentialAction":[{"@type":"SearchAction","target":{"@type":"EntryPoint","urlTemplate":"https:\/\/tresfils.com\/?s={search_term_string}"},"query-input":{"@type":"PropertyValueSpecification","valueRequired":true,"valueName":"search_term_string"}}],"inLanguage":"en-GB"},{"@type":"Organization","@id":"https:\/\/tresfils.com\/#organization","name":"Tresfils Electricitat I Telecomunicacions","url":"https:\/\/tresfils.com\/","logo":{"@type":"ImageObject","inLanguage":"en-GB","@id":"https:\/\/tresfils.com\/#\/schema\/logo\/image\/","url":"https:\/\/tresfils.com\/wp-content\/uploads\/2024\/09\/logoTresFils.jpg","contentUrl":"https:\/\/tresfils.com\/wp-content\/uploads\/2024\/09\/logoTresFils.jpg","width":298,"height":102,"caption":"Tresfils Electricitat I Telecomunicacions"},"image":{"@id":"https:\/\/tresfils.com\/#\/schema\/logo\/image\/"}}]}},"_links":{"self":[{"href":"https:\/\/tresfils.com\/en\/wp-json\/wp\/v2\/pages\/51","targetHints":{"allow":["GET"]}}],"collection":[{"href":"https:\/\/tresfils.com\/en\/wp-json\/wp\/v2\/pages"}],"about":[{"href":"https:\/\/tresfils.com\/en\/wp-json\/wp\/v2\/types\/page"}],"author":[{"embeddable":true,"href":"https:\/\/tresfils.com\/en\/wp-json\/wp\/v2\/users\/1"}],"replies":[{"embeddable":true,"href":"https:\/\/tresfils.com\/en\/wp-json\/wp\/v2\/comments?post=51"}],"version-history":[{"count":15,"href":"https:\/\/tresfils.com\/en\/wp-json\/wp\/v2\/pages\/51\/revisions"}],"predecessor-version":[{"id":491,"href":"https:\/\/tresfils.com\/en\/wp-json\/wp\/v2\/pages\/51\/revisions\/491"}],"wp:attachment":[{"href":"https:\/\/tresfils.com\/en\/wp-json\/wp\/v2\/media?parent=51"}],"curies":[{"name":"wp","href":"https:\/\/api.w.org\/{rel}","templated":true}]}}